{"id":7,"date":"2008-10-19T15:19:50","date_gmt":"2008-10-19T13:19:50","guid":{"rendered":"http:\/\/www.pudelzucht-jakob.de\/pudelzucht\/?page_id=7"},"modified":"2022-07-11T22:47:12","modified_gmt":"2022-07-11T20:47:12","slug":"pudelzucht","status":"publish","type":"page","link":"http:\/\/www.pudelzucht-jakob.de\/pudelzucht\/pudelzucht\/","title":{"rendered":"PUDELZUCHT"},"content":{"rendered":"<h1>Von der Rettenbacher Seewiesn<\/h1>\n<p style=\"text-align: center;\"><a href=\"http:\/\/www.pudelzucht-jakob.de\/pudelzucht\/wp-content\/uploads\/2008\/12\/logos-2.jpg\"><img loading=\"lazy\" decoding=\"async\" class=\"aligncenter size-full wp-image-911\" title=\"logos-2\" src=\"http:\/\/www.pudelzucht-jakob.de\/pudelzucht\/wp-content\/uploads\/2008\/12\/logos-2.jpg\" alt=\"\" width=\"292\" height=\"91\" \/><\/a><\/p>\n<p>Nach langen und reiflichen \u00dcberlegungen haben wir uns entschlossen schwarze Kleinpudel zu z\u00fcchten.<\/p>\n<p style=\"text-align: center;\"><a href=\"http:\/\/www.pudelzucht-jakob.de\/pudelzucht\/wp-content\/uploads\/2008\/11\/l-wurf-g1.jpg\"><img loading=\"lazy\" decoding=\"async\" class=\"alignleft size-thumbnail wp-image-395\" title=\"Lillyfee und ihr Bruder\" src=\"http:\/\/www.pudelzucht-jakob.de\/pudelzucht\/wp-content\/uploads\/2008\/11\/l-wurf-g1-150x150.jpg\" alt=\"\" width=\"150\" height=\"150\" \/><\/a><a href=\"http:\/\/www.pudelzucht-jakob.de\/pudelzucht\/wp-content\/uploads\/2008\/10\/lillyfee-21207-1.jpg\"><img loading=\"lazy\" decoding=\"async\" class=\"alignright size-thumbnail wp-image-206\" title=\"Lillyfee mit 3 Wochen\" src=\"http:\/\/www.pudelzucht-jakob.de\/pudelzucht\/wp-content\/uploads\/2008\/10\/lillyfee-21207-1-150x150.jpg\" alt=\"\" width=\"150\" height=\"150\" \/><\/a><a href=\"http:\/\/www.pudelzucht-jakob.de\/pudelzucht\/wp-content\/uploads\/2008\/11\/unbenannt-1-kopie.jpg\"><img loading=\"lazy\" decoding=\"async\" class=\"aligncenter size-thumbnail wp-image-384\" title=\"Lillyfee Weihnachten 2007\" src=\"http:\/\/www.pudelzucht-jakob.de\/pudelzucht\/wp-content\/uploads\/2008\/11\/unbenannt-1-kopie-150x150.jpg\" alt=\"\" width=\"150\" height=\"150\" \/><\/a><\/p>\n<p><a href=\"http:\/\/www.pudelzucht-jakob.de\/pudelzucht\/wp-content\/uploads\/2008\/10\/lillyfee-21207-1.jpg\"><\/a><\/p>\n<p>Bilder zur Vollansicht bitte anglicken<\/p>\n<p>Wir z\u00fcchten unter dem VDP,\u00a0der am VDH und F.C.I. angeschlossen ist. Unser Ziel ist es gesunde, wesensstarke Sport- und Familienhunde zu z\u00fcchten. Die Welpen werden bei uns im Hause aufgezogen, gut sozialisiert, entwurmt, geimpft und gechipt. Die Elterntiere haben selbstverst\u00e4ndlich alle Gesundheitstest, sind auf PRA gengetestet und sind\u00a0HD frei.<\/p>\n<p style=\"text-align: center;\"><a href=\"http:\/\/www.pudelzucht-jakob.de\/pudelzucht\/wp-content\/uploads\/2008\/11\/marlon-40.jpg\"><img loading=\"lazy\" decoding=\"async\" class=\"alignleft size-thumbnail wp-image-375\" title=\"Marlon als Welpe mit 14 Wochen\" src=\"http:\/\/www.pudelzucht-jakob.de\/pudelzucht\/wp-content\/uploads\/2008\/11\/marlon-40-150x150.jpg\" alt=\"\" width=\"150\" height=\"150\" \/><\/a><a href=\"http:\/\/www.pudelzucht-jakob.de\/pudelzucht\/wp-content\/uploads\/2008\/11\/marlon-483.jpg\"><img loading=\"lazy\" decoding=\"async\" class=\"alignright size-thumbnail wp-image-382\" title=\"Marlon als Welpe mit 14 Wochen\" src=\"http:\/\/www.pudelzucht-jakob.de\/pudelzucht\/wp-content\/uploads\/2008\/11\/marlon-483-150x150.jpg\" alt=\"\" width=\"150\" height=\"150\" \/><\/a><a href=\"http:\/\/www.pudelzucht-jakob.de\/pudelzucht\/wp-content\/uploads\/2008\/11\/marlon-263.jpg\"><img loading=\"lazy\" decoding=\"async\" class=\"aligncenter size-thumbnail wp-image-379\" title=\"Marlon als Welpe mit 14 Wochen\" src=\"http:\/\/www.pudelzucht-jakob.de\/pudelzucht\/wp-content\/uploads\/2008\/11\/marlon-263-150x150.jpg\" alt=\"\" width=\"150\" height=\"150\" \/><\/a><\/p>\n<p style=\"text-align: center;\">\n<p style=\"text-align: center;\">\n<h3>Ratschl\u00e4ge vor dem Hundekauf<\/h3>\n<p>Sowohl professionelle als auch Hobbyz\u00fcchter w\u00fcnschen sich f\u00fcr ihre Welpen ein lebenslanges gutes Zuhause. Sie m\u00f6chten, dass ihr Nachwuchs in gute sachkundige H\u00e4nde kommen, wo sie geliebt alt werden k\u00f6nnen.<br \/>\nSie werden VOR DEM KAUF! unbequeme Fragen stellen, einen weiteren Kontakt sogar schriftlich fixieren und im Notfall IMMER f\u00fcr &#8222;ihren&#8220; Welpen da sein. Dem K\u00e4ufer wird oftmals nicht nur angeboten, sondern er wird manchmal sogar verpflichtet, mit allen Fragen und Problemen auf den Z\u00fcchter zuzukommen, auch in dem Fall, wenn man sich einmal von dem Hund trennen mu\u00df. F\u00fcr diesen Fall hat der gewissenhafte Z\u00fcchter IMMER Platz f\u00fcr &#8222;seinen&#8220; Hund! Das Interesse des Z\u00fcchters an Ihrem Welpen bleibt ein (Hunde)Leben lang erhalten!!!<br \/>\nDie Beratung und Hilfestellung durch den Z\u00fcchter ist ein kostenloser Service, der nicht zu untersch\u00e4tzen ist. Oftmals sind es kleine Tips, Erfahrungswerte, entstanden durch den langj\u00e4hrigen Umgang mit dieser, ihrer Rasse, die &#8222;gro\u00dfe&#8220; Probleme gar nicht erst entstehen lassen.<br \/>\nEbenso sorgf\u00e4ltig wie f\u00fcr die Rasse, sollte man sich auch f\u00fcr den (seinen) Z\u00fcchter entscheiden!<br \/>\nDas Problem vieler Menschen ist, dass die wirklich guten Z\u00fcchter, denen das Wohl ihrer Welpen viel bedeutet, gar nicht in der Lage sind, den Bedarf an Welpen zu decken, bzw. eine bestimmte Klientel gar nicht &#8222;bedienen&#8220; wollen, so dass der Hundehandel und Vermehrung immer gen\u00fcgend Abnehmer finden werden. Dagegen mu\u00df man sich bei guten Z\u00fcchtern auf Wartezeiten einstellen.<br \/>\nEr wird sie beraten und ihnen notfalls auch raten, auf einen anderen Wurf zu warten, weil diese Nachkommen, die er gerade sieht, nicht dem Wunschbild &#8222;seines&#8220; zuk\u00fcnftigen Hundes entsprechen.<br \/>\nEin guter Z\u00fcchter hat selten einen Welpen in der &#8222;Schublade&#8220;, ein Vermehrer immer!!!!<\/p>\n<p>Man sollte wirklich nie kaufen, wo man dem Menschen und dem Umfeld gegen\u00fcber ein ungutes Gef\u00fchl hat, auch wenn der kleine Welpe noch soo treuherzuig schaut und man denkt, nur diesen einen hier! Wenn man diesen mitnimmt, werden mit Sicherheit drei neue, unter oftmals unw\u00fcrdigen Bedingungen &#8222;produziert&#8220;.<br \/>\nGut ist, wenn das Umfeld dem eigenen entspricht, also die Welpen mit Kindern im gleichen Alter Kontakt hatten oder die gleichen Interessen verfolgt werden, wie Hundesport, Ausstellungswesen oder einfach &#8222;nur&#8220; Familienhund.<\/p>\n<h3>Verantwortungsvolle Z\u00fcchter<\/h3>\n<p> (Ein Z\u00dcCHTER ist jemand, dem durstet es nach Wissen und doch wei\u00df er, dass er nie alles wissen wird. Er ringt mit Entscheidungen zwischen Vernunft, Herz und Verpflichtung)<\/p>\n<p>Ist ein m\u00f6glichst geringes Risiko gew\u00fcnscht, gilt die Suche einem verantwortungsvollen Z\u00fcchter. Bei der \u00dcberpr\u00fcfung der Qualit\u00e4t ist genaues Nachfragen und ein angemeldeter Besuch v\u00f6llig legitim. Ein seri\u00f6ser Z\u00fcchter gibt ehrlich Auskunft \u00fcber seine Zuchterfahrung und \u00f6ffnet ernsthaften Interessenten gerne die T\u00fcr. Und wenn dann alle Punkte der nachfolgenden Checkliste mit einem H\u00e4kchen versehen sind, ist die Welpensuche auf jeden Fall viel-versprechend. Dass kein Z\u00fcchter eine Garantie auf seine Hunde geben kann, ist klar. Doch zumindest versucht er, gute Voraussetzungen zu schaffen.<\/p>\n<h3>Checkliste<\/h3>\n<p>D\u00fcrfen Sie die Welpen in ihrer allt\u00e4glichen Umgebung mit dem Muttertier besuchen? Wenn ja, ist das ein gutes Zeichen \u2013 der Z\u00fcchter hat nichts zu verbergen.<\/p>\n<p>Die Zuchth\u00fcndin macht einen gesunden und zufriedenen Eindruck.<\/p>\n<p>Die Welpen sind gesund, munter, aufgeschlossen und angstfrei.<\/p>\n<p>Die Zuchtst\u00e4tte ist sauber und gepflegt. (Der erste Eindruck z\u00e4hlt \u2013 das gilt auch f\u00fcr eine Zuchtanlage. Das Areal sowie die Umgebung sollten einen sauberen und gepflegten Eindruck hinterlassen. Und dann den Z\u00fcchter zwei- oder mehrmals besuchen \u2013 so l\u00e4sst sich feststellen, ob ein anfangs guter Eindruck auch dauerhaft Bestand hat).<\/p>\n<p>Die Hunde haben Familienanschluss, Auslaufm\u00f6glichkeiten und eigene Bereiche.<\/p>\n<p>Der Z\u00fcchter gibt bereitwillig Antwort auf alle Fragen.<\/p>\n<p>Der Z\u00fcchter informiert sich, ob der Interessent die Voraussetzungen f\u00fcr die Haltung eines Hundes hat. (Fragt der Z\u00fcchter Sie ausgiebig nach Ihren Lebensverh\u00e4ltnissen und den Haltungsbedingungen f\u00fcr den Welpen, dann sollten Sie nicht irritiert sein. Ein guter Z\u00fcchter interessiert sich daf\u00fcr, an wen er einen Hund verkauft. Grund zur Besorgnis besteht dagegen, wenn der Z\u00fcchter keinerlei Interesse zeigt, keine derartigen Fragen stellt).<\/p>\n<p>Die Hunde werden nachweislich geimpft und entwurmt.<\/p>\n<p>Der Z\u00fcchter geh\u00f6rt zu einem Zuchtverband, dem Gesundheit und Wesen der Hunde wichtig sind und der die Umsetzung dieser Ziele auch kontrolliert.<\/p>\n<p>Es gibt einen juristisch korrekten Kaufvertrag.<\/p>\n<p>Bietet ein Z\u00fcchter in Zeitungsanzeigen oder auch im Internet zeitgleich mehrere Rassen an, dann ist Vorsicht geboten.<\/p>\n<p><a href=\"http:\/\/www.pudelzucht-jakob.de\/pudelzucht\/wp-content\/uploads\/2008\/11\/marlon-481.jpg\"><\/a><\/p>\n","protected":false},"excerpt":{"rendered":"<p>Von der Rettenbacher Seewiesn Nach langen und reiflichen \u00dcberlegungen haben wir uns entschlossen schwarze Kleinpudel zu z\u00fcchten. Bilder zur Vollansicht bitte anglicken Wir z\u00fcchten unter dem VDP,\u00a0der am VDH und F.C.I. angeschlossen ist. Unser Ziel ist es gesunde, wesensstarke Sport- und Familienhunde zu z\u00fcchten. Die Welpen werden bei uns im Hause aufgezogen, gut sozialisiert, entwurmt, [&hellip;]<\/p>\n","protected":false},"author":2,"featured_media":0,"parent":0,"menu_order":2,"comment_status":"closed","ping_status":"closed","template":"","meta":{"footnotes":""},"class_list":["post-7","page","type-page","status-publish","hentry"],"_links":{"self":[{"href":"http:\/\/www.pudelzucht-jakob.de\/pudelzucht\/wp-json\/wp\/v2\/pages\/7","targetHints":{"allow":["GET"]}}],"collection":[{"href":"http:\/\/www.pudelzucht-jakob.de\/pudelzucht\/wp-json\/wp\/v2\/pages"}],"about":[{"href":"http:\/\/www.pudelzucht-jakob.de\/pudelzucht\/wp-json\/wp\/v2\/types\/page"}],"author":[{"embeddable":true,"href":"http:\/\/www.pudelzucht-jakob.de\/pudelzucht\/wp-json\/wp\/v2\/users\/2"}],"replies":[{"embeddable":true,"href":"http:\/\/www.pudelzucht-jakob.de\/pudelzucht\/wp-json\/wp\/v2\/comments?post=7"}],"version-history":[{"count":61,"href":"http:\/\/www.pudelzucht-jakob.de\/pudelzucht\/wp-json\/wp\/v2\/pages\/7\/revisions"}],"predecessor-version":[{"id":5611,"href":"http:\/\/www.pudelzucht-jakob.de\/pudelzucht\/wp-json\/wp\/v2\/pages\/7\/revisions\/5611"}],"wp:attachment":[{"href":"http:\/\/www.pudelzucht-jakob.de\/pudelzucht\/wp-json\/wp\/v2\/media?parent=7"}],"curies":[{"name":"wp","href":"https:\/\/api.w.org\/{rel}","templated":true}]}}