{"id":4276,"date":"2019-02-18T13:46:36","date_gmt":"2019-02-18T12:46:36","guid":{"rendered":"http:\/\/www.pudelzucht-jakob.de\/pudelzucht\/?page_id=4276"},"modified":"2021-06-24T20:21:43","modified_gmt":"2021-06-24T18:21:43","slug":"datenschutzerklaerung","status":"publish","type":"page","link":"http:\/\/www.pudelzucht-jakob.de\/pudelzucht\/datenschutzerklaerung\/","title":{"rendered":"DATENSCHUTZERKL\u00c4RUNG"},"content":{"rendered":"<p>Datenschutz<\/p>\n<p>Wir behandeln Ihre personenbezogenen Daten vertraulich und entsprechend der gesetzlichen Datenschutzvorschriften sowie dieser, nach den Vorgaben der europ\u00e4ischen Datenschutzgrundverordnung (DSGVO) gestalteten Datenschutzerkl\u00e4rung.<\/p>\n<p>Die Nutzung unserer Website ist in der Regel ohne Angabe personenbezogener Daten m\u00f6glich. Soweit auf unseren Seiten personenbezogene Daten (beispielsweise Name, Anschrift oder E-Mail-Adresse) erhoben werden, erfolgt dies, soweit m\u00f6glich, stets auf freiwilliger Basis (siehe unten). Diese Daten werden ohne Ihre ausdr\u00fcckliche Zustimmung nicht an Dritte weitergegeben. Wir weisen darauf hin, dass die Daten\u00fcbertragung im Internet (z.B. bei der Kommunikation per E-Mail) Sicherheitsl\u00fccken aufweisen kann. Ein l\u00fcckenloser Schutz der Daten vor dem Zugriff durch Dritte ist nicht m\u00f6glich.<\/p>\n<p>Unsere Website verwendet so genannte Cookies. Cookies richten auf Ihrem Rechner keinen Schaden an und enthalten keine Viren. Sie dienen dazu, unser Angebot nutzerfreundlicher, effektiver und sicherer zu machen. Cookies sind kleine Textdateien, die auf Ihrem Rechner abgelegt werden und die Ihr Browser speichert. Die meisten der von uns verwendeten Cookies sind so genannte \u201cSession-Cookies\u201d. Sie werden nach Ende Ihres Besuchs automatisch gel\u00f6scht. Andere Cookies bleiben auf Ihrem Endger\u00e4t gespeichert, bis Sie diese l\u00f6schen. Diese Cookies erm\u00f6glichen es uns, Ihren Browser beim n\u00e4chsten Besuch wiederzuerkennen. Sie k\u00f6nnen Ihren Browser so einstellen, dass Sie \u00fcber das Setzen von Cookies informiert werden und Cookies nur im Einzelfall erlauben, die Annahme von Cookies f\u00fcr bestimmte F\u00e4lle oder generell ausschlie\u00dfen sowie das automatische L\u00f6schen der Cookies beim Schlie\u00dfen des Browsers aktivieren. Bei der Deaktivierung von Cookies kann die Funktionalit\u00e4t dieser Website eingeschr\u00e4nkt sein.<\/p>\n<p>Der zur Bereitstellung dieser Website verwendete Webserver erhebt und speichert automatisch Informationen in so genannten Server Logfiles, die Ihr Browser automatisch an uns \u00fcbermittelt. Dies sind:<br \/>\n&#8211; IP-Adresse des zugreifenden Rechners<br \/>\n&#8211; Uhrzeit der Serveranfrage<br \/>\n&#8211; abgerufene Seiteninformation (z.B. Name der HTML-Seite, des Bildes etc.)<br \/>\n&#8211; Browsertyp und Browserversion<br \/>\n&#8211; verwendetes Betriebssystem<\/p>\n<p>Diese Daten sind nicht bestimmten Personen zuordenbar. Eine Zusammenf\u00fchrung dieser Daten mit anderen Datenquellen wird nicht vorgenommen. Wir behalten uns vor, diese Daten nachtr\u00e4glich zu pr\u00fcfen, wenn uns konkrete Anhaltspunkte f\u00fcr eine rechtswidrige Nutzung bekannt werden. Ansonsten erfolgt eine automatische L\u00f6schung nach 30 Tagen.<\/p>\n<p>Wenn Sie uns per Kontaktformular eine Anfrage zukommen lassen, werden Ihre Angaben aus dem Anfrageformular inklusive der von Ihnen dort angegebenen Kontaktdaten zur Bearbeitung der Anfrage und f\u00fcr den Fall von Anschlussfragen bei uns gespeichert. Diese Daten geben wir nicht ohne Ihre Einwilligung weiter. Nach Abschluss der Bearbeitung Ihrer Kontaktanfrage werden Ihre Daten umgehend gel\u00f6scht, sofern Sie keiner weiteren Kommunikation zustimmen.<\/p>\n<p>Gem\u00e4\u00df der europ\u00e4ischen Datenschutzgrundverordnung (DSGVO) haben Sie die folgenden Rechte:<\/p>\n<p>Auskunftsrecht: Sie haben das Recht, von uns eine Best\u00e4tigung dar\u00fcber zu verlangen, ob wir perso-nenbezogene Daten von Ihnen verarbeiten. Ist dies der Fall, dann haben Sie ein Recht auf Auskunft \u00fcber diese Daten, insbesondere auf die in Art. 15 DSGVO genannten Informationen.<\/p>\n<p>Recht auf Berichtigung: Sie haben das Recht, eine Berichtigung unrichtiger personenbezogener Daten bzw. eine Erg\u00e4nzung unvollst\u00e4ndiger personenbezogener Daten zu verlangen.<\/p>\n<p>Recht auf L\u00f6schung: Sie haben das Recht auf L\u00f6schung Ihrer bei uns gespeicherten personenbezogenen Daten sofern die nicht mehr zur Erf\u00fcllung der Mitgliedsverwaltung oder sonstiger Rechtsgesch\u00e4fte ben\u00f6tigt werden oder keine gesetzlichen Aufbewahrungsfristen dem entgegenstehen.<\/p>\n<p>Recht auf Einschr\u00e4nkung der Verarbeitung: Beim Vorliegen einer der in Art. 18 DSGVO genannten Gr\u00fcnde, haben Sie das Recht, von uns die Einschr\u00e4nkung der Verarbeitung Ihrer personenbezogenen Daten zu verlangen.<\/p>\n<p>Widerspruchsrecht: Sie haben jederzeit das Recht, der Verarbeitung Ihrer personenbezogenen Daten zu widersprechen.<\/p>\n<p>Recht auf Daten\u00fcbertragbarkeit: Sie haben das Recht die Sie betreffenden personenbezogenen Daten nach Ma\u00dfgabe von Art. 20 DSGVO in einem strukturierten, g\u00e4ngigen und maschinenlesbaren Format von uns zu erhalten.<\/p>\n<p>Beschwerderecht bei einer Aufsichtsbeh\u00f6rde: Sie haben das Recht, sich bei einer Aufsichtsbeh\u00f6rde \u00fcber uns zu beschweren.<\/p>\n<p>Verantwortlich f\u00fcr den Datenschutz: Ria und Peter Jakob<br \/>\nDie Kontaktdaten k\u00f6nnen sie dem Impressum auf dieser Webseite entnehmen.<\/p>\n","protected":false},"excerpt":{"rendered":"<p>Datenschutz Wir behandeln Ihre personenbezogenen Daten vertraulich und entsprechend der gesetzlichen Datenschutzvorschriften sowie dieser, nach den Vorgaben der europ\u00e4ischen Datenschutzgrundverordnung (DSGVO) gestalteten Datenschutzerkl\u00e4rung. Die Nutzung unserer Website ist in der Regel ohne Angabe personenbezogener Daten m\u00f6glich. Soweit auf unseren Seiten personenbezogene Daten (beispielsweise Name, Anschrift oder E-Mail-Adresse) erhoben werden, erfolgt dies, soweit m\u00f6glich, stets auf [&hellip;]<\/p>\n","protected":false},"author":1,"featured_media":0,"parent":0,"menu_order":6,"comment_status":"closed","ping_status":"closed","template":"","meta":{"footnotes":""},"class_list":["post-4276","page","type-page","status-publish","hentry"],"_links":{"self":[{"href":"http:\/\/www.pudelzucht-jakob.de\/pudelzucht\/wp-json\/wp\/v2\/pages\/4276","targetHints":{"allow":["GET"]}}],"collection":[{"href":"http:\/\/www.pudelzucht-jakob.de\/pudelzucht\/wp-json\/wp\/v2\/pages"}],"about":[{"href":"http:\/\/www.pudelzucht-jakob.de\/pudelzucht\/wp-json\/wp\/v2\/types\/page"}],"author":[{"embeddable":true,"href":"http:\/\/www.pudelzucht-jakob.de\/pudelzucht\/wp-json\/wp\/v2\/users\/1"}],"replies":[{"embeddable":true,"href":"http:\/\/www.pudelzucht-jakob.de\/pudelzucht\/wp-json\/wp\/v2\/comments?post=4276"}],"version-history":[{"count":5,"href":"http:\/\/www.pudelzucht-jakob.de\/pudelzucht\/wp-json\/wp\/v2\/pages\/4276\/revisions"}],"predecessor-version":[{"id":4284,"href":"http:\/\/www.pudelzucht-jakob.de\/pudelzucht\/wp-json\/wp\/v2\/pages\/4276\/revisions\/4284"}],"wp:attachment":[{"href":"http:\/\/www.pudelzucht-jakob.de\/pudelzucht\/wp-json\/wp\/v2\/media?parent=4276"}],"curies":[{"name":"wp","href":"https:\/\/api.w.org\/{rel}","templated":true}]}}