{"id":137,"date":"2008-10-25T20:10:53","date_gmt":"2008-10-25T18:10:53","guid":{"rendered":"http:\/\/www.pudelzucht-jakob.de\/pudelzucht\/?page_id=137"},"modified":"2014-04-20T14:58:50","modified_gmt":"2014-04-20T13:58:50","slug":"felix","status":"publish","type":"page","link":"http:\/\/www.pudelzucht-jakob.de\/pudelzucht\/hundesport\/felix\/","title":{"rendered":"Felix"},"content":{"rendered":"<h1>Felix<\/h1>\n<p>Felix kam mit 12 Wochen am 12.4.1998 zu uns.<\/p>\n<p><a href=\"http:\/\/www.pudelzucht-jakob.de\/pudelzucht\/wp-content\/uploads\/2008\/10\/felix-slalom-23031.jpg\"><img loading=\"lazy\" decoding=\"async\" class=\"alignnone size-medium wp-image-195\" title=\"felix-slalom-23031\" src=\"http:\/\/www.pudelzucht-jakob.de\/pudelzucht\/wp-content\/uploads\/2008\/10\/felix-slalom-23031-236x300.jpg\" alt=\"\" width=\"236\" height=\"300\" srcset=\"http:\/\/www.pudelzucht-jakob.de\/pudelzucht\/wp-content\/uploads\/2008\/10\/felix-slalom-23031-236x300.jpg 236w, http:\/\/www.pudelzucht-jakob.de\/pudelzucht\/wp-content\/uploads\/2008\/10\/felix-slalom-23031.jpg 461w\" sizes=\"auto, (max-width: 236px) 100vw, 236px\" \/><\/a><\/p>\n<p>Am 22.10.2000 hat Felix mit seinem Frauchen in Grasbrunn unter dem Leistungsrichter Johann Gr\u00fcbl die Begleithundpr\u00fcfung bestanden.<\/p>\n<p>Die ersten Gehversuche in Agility machte er mit seinem Frauchen, sp\u00e4ter als er turnierfertig war, \u00fcbernahm das Herrchen.<\/p>\n<p>In Reutlingen-Betzingen\u00a0ging er\u00a0am 16. Juni 2001 zum erstenmal an den Start.<\/p>\n<p>Am 9. September 2001 stieg er in Dachau in die A2 auf.<\/p>\n<p>VDP Bundessieger in Agility A2 wurde er am 07. September 2003<\/p>\n<p>Den Aufstieg in die A3 schaffte er am 8. Juni 2004 in Ingolstadt S\u00fcd.<\/p>\n<p>Bei der VDH-DM 2004 in Heidelberg\u00a0erk\u00e4mpfte er sich den 23. Platz.<\/p>\n<p>2006 und 2007 wurde er Vereinsmeister in Midi bei den Raindogs Regen.<\/p>\n<p>Am 26.\/27. Juli und 02.\/03. 2008 August konnte er sich den 4-Tagessieg in Wangen erk\u00e4mpfen.<\/p>\n<p><a href=\"http:\/\/www.pudelzucht-jakob.de\/pudelzucht\/wp-content\/uploads\/2008\/10\/pict0104.jpg\"><img loading=\"lazy\" decoding=\"async\" class=\"alignnone size-medium wp-image-317\" title=\"4 Tagessieg in Wangen\" src=\"http:\/\/www.pudelzucht-jakob.de\/pudelzucht\/wp-content\/uploads\/2008\/10\/pict0104-300x225.jpg\" alt=\"\" width=\"300\" height=\"225\" srcset=\"http:\/\/www.pudelzucht-jakob.de\/pudelzucht\/wp-content\/uploads\/2008\/10\/pict0104-300x225.jpg 300w, http:\/\/www.pudelzucht-jakob.de\/pudelzucht\/wp-content\/uploads\/2008\/10\/pict0104.jpg 900w\" sizes=\"auto, (max-width: 300px) 100vw, 300px\" \/><\/a><\/p>\n<p>Am 7. September 2008 wurde er VDP-Bundessieger in Agility A3.<\/p>\n<p><a href=\"http:\/\/www.pudelzucht-jakob.de\/pudelzucht\/wp-content\/uploads\/2008\/10\/bundessiegerturnier-2008-28.jpg\"><img loading=\"lazy\" decoding=\"async\" class=\"alignnone size-medium wp-image-315\" title=\"bundessiegerturnier-2008\" src=\"http:\/\/www.pudelzucht-jakob.de\/pudelzucht\/wp-content\/uploads\/2008\/10\/bundessiegerturnier-2008-28-300x225.jpg\" alt=\"\" width=\"300\" height=\"225\" srcset=\"http:\/\/www.pudelzucht-jakob.de\/pudelzucht\/wp-content\/uploads\/2008\/10\/bundessiegerturnier-2008-28-300x225.jpg 300w, http:\/\/www.pudelzucht-jakob.de\/pudelzucht\/wp-content\/uploads\/2008\/10\/bundessiegerturnier-2008-28.jpg 900w\" sizes=\"auto, (max-width: 300px) 100vw, 300px\" \/><\/a><\/p>\n<p>Am 26. April 2009 wurde Felix in Eggenfelden Kreismeister in Agility in der KG 6 und dann im Juli\/August in Wangen nochmal 4-Tagessieger.<\/p>\n<p>Nach 9 Turniersaisons, sein erster Start war am 16.06.2001 in Reutlingen-Betzingen unter dem Richter Ernst Schauwecker, schloss sich am 12.09.2009 beim Turnier in Waffenbrunn f\u00fcr Felix der Turnierreigen.<\/p>\n<p>Felix wurde u. a. zweimal Vereinsmeister der KG 6 beim BLV, zweimal Vereinsmeister bei den raindogs regen, startete mehrmals bei den Bayer. Meisterschaften und im Dezember 2004 f\u00fcr den VDP bei der VDH Deutschen Meisterschaft, wo er Platz 23 erreichte. Weitere Teilnahmen bei DM blieben aufgrund Erkrankungen von Felix 2005 und seines Herrchens 2006 versagt.<\/p>\n<p>Weitere Titel waren VDP-Bundessieger in A2 und in A3. Felix lief insbesondere die drei letzten Turniersaisons sehr zuverl\u00e4ssig, so wurde er 2008 und 2009 jeweils 4-Tagessieger bei den Turnierwochenenden in Wangen.<\/p>\n<p>Die vielen Pokale werden mich &#8211; und auch sein Frauchen &#8211; an die vielen sch\u00f6nen Turniererfolge mit Felix erinnern.<\/p>\n<p>Felix wir hoffen und w\u00fcnschen Dir, dass du noch lange als unser &#8222;Prinze&#8220; in unserer Mitte verweilst.<\/p>\n<p>Am 13.6.2011 machte sich Felix auf den Weg ins Regenbogenland auf:-((((((((((((((((((((((((((((((((((((((((<\/p>\n","protected":false},"excerpt":{"rendered":"<p>Felix Felix kam mit 12 Wochen am 12.4.1998 zu uns. Am 22.10.2000 hat Felix mit seinem Frauchen in Grasbrunn unter dem Leistungsrichter Johann Gr\u00fcbl die Begleithundpr\u00fcfung bestanden. Die ersten Gehversuche in Agility machte er mit seinem Frauchen, sp\u00e4ter als er turnierfertig war, \u00fcbernahm das Herrchen. In Reutlingen-Betzingen\u00a0ging er\u00a0am 16. Juni 2001 zum erstenmal an den [&hellip;]<\/p>\n","protected":false},"author":2,"featured_media":0,"parent":14,"menu_order":0,"comment_status":"open","ping_status":"open","template":"","meta":{"footnotes":""},"class_list":["post-137","page","type-page","status-publish","hentry"],"_links":{"self":[{"href":"http:\/\/www.pudelzucht-jakob.de\/pudelzucht\/wp-json\/wp\/v2\/pages\/137","targetHints":{"allow":["GET"]}}],"collection":[{"href":"http:\/\/www.pudelzucht-jakob.de\/pudelzucht\/wp-json\/wp\/v2\/pages"}],"about":[{"href":"http:\/\/www.pudelzucht-jakob.de\/pudelzucht\/wp-json\/wp\/v2\/types\/page"}],"author":[{"embeddable":true,"href":"http:\/\/www.pudelzucht-jakob.de\/pudelzucht\/wp-json\/wp\/v2\/users\/2"}],"replies":[{"embeddable":true,"href":"http:\/\/www.pudelzucht-jakob.de\/pudelzucht\/wp-json\/wp\/v2\/comments?post=137"}],"version-history":[{"count":18,"href":"http:\/\/www.pudelzucht-jakob.de\/pudelzucht\/wp-json\/wp\/v2\/pages\/137\/revisions"}],"predecessor-version":[{"id":197,"href":"http:\/\/www.pudelzucht-jakob.de\/pudelzucht\/wp-json\/wp\/v2\/pages\/137\/revisions\/197"}],"up":[{"embeddable":true,"href":"http:\/\/www.pudelzucht-jakob.de\/pudelzucht\/wp-json\/wp\/v2\/pages\/14"}],"wp:attachment":[{"href":"http:\/\/www.pudelzucht-jakob.de\/pudelzucht\/wp-json\/wp\/v2\/media?parent=137"}],"curies":[{"name":"wp","href":"https:\/\/api.w.org\/{rel}","templated":true}]}}