{"id":135,"date":"2008-10-25T20:09:52","date_gmt":"2008-10-25T18:09:52","guid":{"rendered":"http:\/\/www.pudelzucht-jakob.de\/pudelzucht\/?page_id=135"},"modified":"2011-06-21T09:10:09","modified_gmt":"2011-06-21T07:10:09","slug":"mirko","status":"publish","type":"page","link":"http:\/\/www.pudelzucht-jakob.de\/pudelzucht\/hundesport\/mirko\/","title":{"rendered":"Mirko"},"content":{"rendered":"<h1>Mirko<\/h1>\n<p>Mirko kam\u00a0am 16.3.1996 im Alter von 5 1\/2 Monaten zu uns.<\/p>\n<p><a href=\"http:\/\/www.pudelzucht-jakob.de\/pudelzucht\/wp-content\/uploads\/2008\/10\/mirko-im-slalom-011.jpg\"><img loading=\"lazy\" decoding=\"async\" class=\"alignnone size-medium wp-image-193\" title=\"mirko-im-slalom-011\" src=\"http:\/\/www.pudelzucht-jakob.de\/pudelzucht\/wp-content\/uploads\/2008\/10\/mirko-im-slalom-011-289x300.jpg\" alt=\"\" width=\"289\" height=\"300\" srcset=\"http:\/\/www.pudelzucht-jakob.de\/pudelzucht\/wp-content\/uploads\/2008\/10\/mirko-im-slalom-011-289x300.jpg 289w, http:\/\/www.pudelzucht-jakob.de\/pudelzucht\/wp-content\/uploads\/2008\/10\/mirko-im-slalom-011.jpg 646w\" sizes=\"auto, (max-width: 289px) 100vw, 289px\" \/><\/a><\/p>\n<p>Im August 1996 machte er in einer Hundeschule mit seinem Frauchen seine erste Unterordnungspr\u00fcfung und seine ersten Gehversuche in Richtung Agility.<\/p>\n<p>Am 6. Juni 1999 hat er seine Begleithundpr\u00fcfung bei den Bunten Hunden Grasbrunn unter Leistungsrichter Gerd Biberger bestanden.<\/p>\n<p>Sein erstes Agilityturnier bestritt er am 20. Juni 1999.<\/p>\n<p>Am 11. September 1999 hat er in Dachau den Aufstieg in die A2 geschafft.<\/p>\n<p>Auch den Aufstieg in die A3 hat er\u00a0ein Jahr sp\u00e4ter am 10. September 2000 in Dachau geschafft.<\/p>\n<p>2000 wurde er Vereinsmeister Midi A2\/A3 bei den Bunten Hunden Grasbrunn<\/p>\n<p>Am 1. September 2002 und am 7. September 2003 wurde Mirko jeweils\u00a0VDP Bundessieger in Agility A3.<\/p>\n<p>Mirko nahm an der 3. EUROPEAN OPEN am 24.\/25. Juli 2004 in B\u00f6bingen teil.<\/p>\n<p>Bei der VDH-DM Agility 2004 in Heidelberg erreichte er in Jumping den 16. Platz V, leider versagten dem Frauchen beim A-Lauf die Nerven, sie schickte den armen Hund ins Dis.<\/p>\n<p>Auch nahm Mirko 2005 an der VDH-DM\u00a0Agility beim HSZ Rhein-Neckar teil. Hier belegte er im Jumping den 9. Platz. Und wie ein Jahr zuvor konnter er sich im A-Lauf\u00a0nicht auf sein Frauchen verlassen :-((((\u00a0.<\/p>\n<p>Im Juli 2006 wurde Mirko 3. Bayer. Meister beim BLV!!!!!<\/p>\n<p><a href=\"http:\/\/www.pudelzucht-jakob.de\/pudelzucht\/wp-content\/uploads\/2008\/10\/bayerische-meisterschaft232.jpg\"><img loading=\"lazy\" decoding=\"async\" class=\"alignnone size-medium wp-image-313\" title=\"bayerische-meisterschaft\" src=\"http:\/\/www.pudelzucht-jakob.de\/pudelzucht\/wp-content\/uploads\/2008\/10\/bayerische-meisterschaft232-300x225.jpg\" alt=\"\" width=\"300\" height=\"225\" srcset=\"http:\/\/www.pudelzucht-jakob.de\/pudelzucht\/wp-content\/uploads\/2008\/10\/bayerische-meisterschaft232-300x225.jpg 300w, http:\/\/www.pudelzucht-jakob.de\/pudelzucht\/wp-content\/uploads\/2008\/10\/bayerische-meisterschaft232.jpg 600w\" sizes=\"auto, (max-width: 300px) 100vw, 300px\" \/><\/a><\/p>\n<p>Mit knapp 13 Jahren bestritt Mirko sein letztes offizelles Turnier am 29. Juni 2008 beim HSV Schwandorf\u00a0und belegte im A-Lauf den 3. und im Jumping den 1. Platz.\u00a0<\/p>\n<p><strong>Ein w\u00fcrdiger Abtritt eines stolzen Hundes.<\/strong><\/p>\n<p>Mirko war mir immer ein treuer und geduldiger Lehrmeister. Oft hat er meine Fehler wettgemacht.<\/p>\n<p>Leicht hat es Mirko mit mir ganz bestimmt nicht gehabt, darum lieber Mirko vielen Dank f\u00fcr deine Geduld.<\/p>\n<p>Du wirst immer mein Bester bleiben.<\/p>\n<p>Am 1. Februar 2011 haben wir ihn mit W\u00fcrde \u00fcber die Regenbogenbr\u00fccke gehen lassen .-(((((((((((((((((((((<\/p>\n","protected":false},"excerpt":{"rendered":"<p>Mirko Mirko kam\u00a0am 16.3.1996 im Alter von 5 1\/2 Monaten zu uns. Im August 1996 machte er in einer Hundeschule mit seinem Frauchen seine erste Unterordnungspr\u00fcfung und seine ersten Gehversuche in Richtung Agility. Am 6. Juni 1999 hat er seine Begleithundpr\u00fcfung bei den Bunten Hunden Grasbrunn unter Leistungsrichter Gerd Biberger bestanden. Sein erstes Agilityturnier bestritt [&hellip;]<\/p>\n","protected":false},"author":2,"featured_media":0,"parent":14,"menu_order":0,"comment_status":"open","ping_status":"open","template":"","meta":{"footnotes":""},"class_list":["post-135","page","type-page","status-publish","hentry"],"_links":{"self":[{"href":"http:\/\/www.pudelzucht-jakob.de\/pudelzucht\/wp-json\/wp\/v2\/pages\/135","targetHints":{"allow":["GET"]}}],"collection":[{"href":"http:\/\/www.pudelzucht-jakob.de\/pudelzucht\/wp-json\/wp\/v2\/pages"}],"about":[{"href":"http:\/\/www.pudelzucht-jakob.de\/pudelzucht\/wp-json\/wp\/v2\/types\/page"}],"author":[{"embeddable":true,"href":"http:\/\/www.pudelzucht-jakob.de\/pudelzucht\/wp-json\/wp\/v2\/users\/2"}],"replies":[{"embeddable":true,"href":"http:\/\/www.pudelzucht-jakob.de\/pudelzucht\/wp-json\/wp\/v2\/comments?post=135"}],"version-history":[{"count":19,"href":"http:\/\/www.pudelzucht-jakob.de\/pudelzucht\/wp-json\/wp\/v2\/pages\/135\/revisions"}],"predecessor-version":[{"id":190,"href":"http:\/\/www.pudelzucht-jakob.de\/pudelzucht\/wp-json\/wp\/v2\/pages\/135\/revisions\/190"}],"up":[{"embeddable":true,"href":"http:\/\/www.pudelzucht-jakob.de\/pudelzucht\/wp-json\/wp\/v2\/pages\/14"}],"wp:attachment":[{"href":"http:\/\/www.pudelzucht-jakob.de\/pudelzucht\/wp-json\/wp\/v2\/media?parent=135"}],"curies":[{"name":"wp","href":"https:\/\/api.w.org\/{rel}","templated":true}]}}